{"id":5,"date":"2021-11-25T13:35:11","date_gmt":"2021-11-25T13:35:11","guid":{"rendered":"https:\/\/www.bogotaesteatro.com\/?page_id=5"},"modified":"2024-12-12T21:15:54","modified_gmt":"2024-12-12T21:15:54","slug":"crea-tu-web-con-bloques","status":"publish","type":"page","link":"https:\/\/www.bogotaesteatro.com\/","title":{"rendered":""},"content":{"rendered":"\t\t<div data-elementor-type=\"wp-page\" data-elementor-id=\"5\" class=\"elementor elementor-5\" data-elementor-settings=\"[]\">\n\t\t\t\t\t\t\t<div class=\"elementor-section-wrap\">\n\t\t\t\t\t\t\t<section class=\"elementor-section elementor-top-section elementor-element elementor-element-655abe7 elementor-section-stretched elementor-section-boxed elementor-section-height-default elementor-section-height-default\" data-id=\"655abe7\" data-element_type=\"section\" data-settings=\"{&quot;stretch_section&quot;:&quot;section-stretched&quot;}\">\n\t\t\t\t\t\t<div class=\"elementor-container elementor-column-gap-default\">\n\t\t\t\t\t<div class=\"elementor-column elementor-col-100 elementor-top-column elementor-element elementor-element-68fa253f\" data-id=\"68fa253f\" data-element_type=\"column\">\n\t\t\t<div class=\"elementor-widget-wrap elementor-element-populated\">\n\t\t\t\t\t\t\t\t<div class=\"elementor-element elementor-element-160e36c0 elementor-widget elementor-widget-text-editor\" data-id=\"160e36c0\" data-element_type=\"widget\" data-widget_type=\"text-editor.default\">\n\t\t\t\t<div class=\"elementor-widget-container\">\n\t\t\t<style>\/*! elementor - v3.5.2 - 22-12-2021 *\/\n.elementor-widget-text-editor.elementor-drop-cap-view-stacked .elementor-drop-cap{background-color:#818a91;color:#fff}.elementor-widget-text-editor.elementor-drop-cap-view-framed .elementor-drop-cap{color:#818a91;border:3px solid;background-color:transparent}.elementor-widget-text-editor:not(.elementor-drop-cap-view-default) .elementor-drop-cap{margin-top:8px}.elementor-widget-text-editor:not(.elementor-drop-cap-view-default) .elementor-drop-cap-letter{width:1em;height:1em}.elementor-widget-text-editor .elementor-drop-cap{float:left;text-align:center;line-height:1;font-size:50px}.elementor-widget-text-editor .elementor-drop-cap-letter{display:inline-block}<\/style>\t\t\t\t<p><img decoding=\"async\" class=\"alignleft\" title=\"1\" src=\"http:\/\/www.bogotaesteatro.com\/wp-content\/uploads\/2021\/12\/1-e1640552604941.jpg\" alt=\"1\" \/><\/p><h1 style=\"text-align: left;\">Obras de teatro: Un espacio para la cultura en Bogot\u00e1<\/h1><p style=\"text-align: left;\">A Bogot\u00e1 se la conoce como un centro <u>cultural<\/u> dedicado al teatro y en la ciudad se llevan a cabo diversas <strong>obras de teatro<\/strong> durante todo el a\u00f1o. No hay duda de que la cultura forma parte importante en el desarrollo social y urbano.<\/p><p style=\"text-align: left;\">La ciudad de Bogot\u00e1 es particularmente prol\u00edfica en lo que a expresiones art\u00edsticas se refiere. El teatro<strong>, <\/strong>la actuaci\u00f3n y la m\u00fasica y otras manifestaciones creativas forman parte del arte que \u00e9sta ciudad guarda en sus calles y personas.<\/p><h2 style=\"text-align: left;\">Las obras de teatro: una expresi\u00f3n art\u00edstica que deja huellas en nosotros<\/h2><p style=\"text-align: left;\">Si hablamos de la historia de las <strong>obras de teatro, <\/strong>es a finales del siglo diecinueve y principios del veinte cuando a Colombia llega este arte. Tomado del Occidente y su cultura, en Colombia se construyeron espacios adecuados para llevar a cabo este arte que se caracteriza por reflejar gran diversidad cultural.<\/p><p style=\"text-align: left;\">Las <strong>obras de teatro <\/strong>son una manifestaci\u00f3n art\u00edstica que por medio de un personaje y una historia expresa una serie de emociones y sentimientos. Por lo general, estas emociones resultan profundas y complejas y dejan una profunda huella en nuestros corazones gracias a las lecciones y ense\u00f1anzas que encierran.<\/p><p style=\"text-align: left;\">Por otra parte, nunca dejamos de sentirnos maravillados por los actores y sus expresiones corporales, gestuales y orales. Con su interpretaci\u00f3n no s\u00f3lo dan vida a las l\u00edneas escritas que representan, sino que nos conmueven sobremanera.<\/p><h3 style=\"text-align: left;\">El espacio ideal para la expresi\u00f3n cultural<\/h3><p style=\"text-align: left;\">La cultura es la uni\u00f3n de todos los rasgos que diferencian a una sociedad de otra. En consecuencia, el teatro se ve influenciado por el impacto que ejercen los cambios culturales de una sociedad y se adapta a estos. Desarroll\u00e1ndose al crear e innovar con sus distintas expresiones.<\/p><p style=\"text-align: left;\">Es justamente en los teatros donde puedes disfrutar de las diferentes expresiones art\u00edsticas. Es gracias a estas caracter\u00edsticas tan importantes que el arte esc\u00e9nico en Colombia es una historia que se sigue escribiendo d\u00eda a d\u00eda.<\/p><p style=\"text-align: left;\">Son las exposiciones, <strong>obras de teatro<\/strong> y conciertos que se llevan a cabo, la herencia cultural de Colombia y en especial de la ciudad de Bogot\u00e1. Sin embargo, como parte de la cultura y la expresi\u00f3n art\u00edstica, cabe destacar que la m\u00fasica tambi\u00e9n ejerce una gran influencia.<\/p><h2 style=\"text-align: left;\">Las obras de teatro y la m\u00fasica<\/h2><p style=\"text-align: left;\">Existe un v\u00ednculo o lazo especial entre el <strong>teatro<\/strong> <strong>y la m\u00fasica<\/strong>. La m\u00fasica complementa el mundo creado por la escenograf\u00eda teatral y la interpretaci\u00f3n actoral de los personajes.<\/p><p style=\"text-align: left;\">Permite que el espectador tenga una idea completa de lo que ocurre con los personajes, cu\u00e1les son sus intenciones e incluso los sentimientos de la escena. A trav\u00e9s de los sonidos se crea un marco y se potencia la interpretaci\u00f3n. En las <strong>obras de teatro <\/strong>la m\u00fasica cumple estas caracter\u00edsticas:<\/p><ul style=\"text-align: left;\"><li>El espacio o <strong>teatro <\/strong>donde la m\u00fasica se ejecuta influye en c\u00f3mo suena. Esto en raz\u00f3n de la ac\u00fastica del recinto.<\/li><li>La m\u00fasica interviene en la obra, en la actuaci\u00f3n y acontecimientos que tienen lugar.<\/li><li>Tiene el objetivo de crear impacto y expectaci\u00f3n en el p\u00fablico.<\/li><\/ul><h3 style=\"text-align: left;\">Estilos de m\u00fasica tradicionales y populares en Bogot\u00e1<\/h3><p style=\"text-align: left;\">Por otro lado, toda expresi\u00f3n musical que es t\u00edpica de un pa\u00eds o ciudad suele tener influencias de muchas otras culturas. En Bogot\u00e1, los estilos musicales son muy variados, lo que hace que en esta ciudad exista una diversidad cultural especial.<\/p><p style=\"text-align: left;\">Por ejemplo, el Bambuco, el Pasillo y la Guabina se cuentan como m\u00fasica tradicional de Bogot\u00e1, especialmente en la zona andina. Sin embargo, la ciudad tambi\u00e9n disfruta de distintos estilos musicales, tales como:<\/p><ul style=\"text-align: left;\"><li>\u00d3pera<\/li><li>Jazz<\/li><li>Salsa<\/li><li>Rock<\/li><li>Hip-Hop<\/li><li>Reguet\u00f3n<\/li><li>Vallenato<\/li><li>Merengue<\/li><\/ul><h2 style=\"text-align: left;\">M\u00fasica Ranchera con Mariachis<\/h2><p style=\"text-align: left;\">Todos estos estilos confirman la diversidad cultural en la ciudad de Bogot\u00e1. Por otra parte, existen otros estilos como la m\u00fasica ranchera que han adquirido especial popularidad.<\/p><p style=\"text-align: left;\">Ciertamente, este tipo de m\u00fasica lleg\u00f3 primeramente a Antioquia entre los a\u00f1os treinta y cuarenta, gracias a la influencia del cine mexicano y a la m\u00fasica ranchera que se escuchaba en el momento.<\/p><p style=\"text-align: left;\">Este g\u00e9nero tiene como caracter\u00edstica expresar sentimientos profundos como la tristeza, la angustia y la nostalgia, sentimientos muy relacionados con el despecho.<\/p><p style=\"text-align: left;\">En Bogot\u00e1 es posible encontrar grupos de <strong><u>Mariachis<\/u><\/strong> que ofrecen sus servicios en la ciudad y sus alrededores. Con ellos, podr\u00e1s ofrecer las mejores serenatas con m\u00fasica mexicana y fusiones con otros g\u00e9neros musicales. Por otro lado, tambi\u00e9n nos permiten disfrutar de sus <em>shows<\/em> de zapateo, en suma un espect\u00e1culo integral Como lo hacen los <a href=\"https:\/\/www.mariachisbogota.co\/\">Mariachis en Bogot\u00e1<\/a> , quienes hacen un trabajo espectacular llevando sus presentaci\u00f3n en toda la ciudad y sus alrededores.\u00a0\u00a0<\/p><p style=\"text-align: left;\"><img loading=\"lazy\" decoding=\"async\" src=\"http:\/\/www.bogotaesteatro.com\/wp-content\/uploads\/2021\/12\/2-1024x682.jpg\" sizes=\"auto, (max-width: 1024px) 100vw, 1024px\" srcset=\"https:\/\/www.bogotaesteatro.com\/wp-content\/uploads\/2021\/12\/2-1024x682.jpg 1024w, https:\/\/www.bogotaesteatro.com\/wp-content\/uploads\/2021\/12\/2-300x200.jpg 300w, https:\/\/www.bogotaesteatro.com\/wp-content\/uploads\/2021\/12\/2-768x511.jpg 768w, https:\/\/www.bogotaesteatro.com\/wp-content\/uploads\/2021\/12\/2-1536x1022.jpg 1536w, https:\/\/www.bogotaesteatro.com\/wp-content\/uploads\/2021\/12\/2-e1640552666247.jpg 1000w\" alt=\"\" width=\"1024\" height=\"682\" \/><\/p><h2 style=\"text-align: left;\">Los aportes del arte del teatro a la cultura en Bogot\u00e1<\/h2><p style=\"text-align: left;\">El arte es la expresi\u00f3n que m\u00e1s diversidad brinda a la cultura en Bogot\u00e1, ya que es muy variada. Comprende desde el arte literario hasta expresiones art\u00edsticas, culturales y musicales como las <strong>obras de teatro <\/strong>y la actuaci\u00f3n.<\/p><p style=\"text-align: left;\">Gracias a la dedicaci\u00f3n y esfuerzo brindado al teatro, este arte ha perdurado en Colombia. Todo el esfuerzo de los actores y su interpretaci\u00f3n en las <strong>obras de teatro <\/strong>tienen el objetivo de atraer a los espectadores.<\/p><p style=\"text-align: left;\">El espectador debe involucrarse con todos los elementos teatrales. Tanto con la m\u00fasica que apoya la representaci\u00f3n actoral que lleva a cabo el personaje, como con \u00e9l desarrollo y desenlace de la historia. Todo esto permite que se valore el arte del teatro y produce un desarrollo y crecimiento continuo a favor de la sociedad y la ciudad.<\/p><p style=\"text-align: left;\">De esta forma, se enriquece a\u00fan m\u00e1s la diversidad cultural que existe en Bogot\u00e1 y toda Colombia. Por tanto, el aporte del teatro a la cultura general tiene una influencia positiva que perdura en el tiempo.<\/p><h2 style=\"text-align: left;\">Las obras de teatro deben tener un espacio en la cultura de Bogot\u00e1<\/h2><p style=\"text-align: left;\">Cabe mencionar, que las <strong>obras de teatro <\/strong>deben tener un espacio en la cultura de Bogot\u00e1. Debe tener un car\u00e1cter prioritario, ya que no solo aporta un beneficio social, sino que tambi\u00e9n a\u00f1aden prestigio e importancia a la ciudad.<\/p><p style=\"text-align: left;\">El <strong>teatro en Colombia<\/strong> no ha dejado de renovarse y desarrollarse. Bogot\u00e1 ofrece <strong>obras de teatro <\/strong>que cuentan distintas historias, narran dramas, tragedias, historias de amor y musicales.<\/p><p><img loading=\"lazy\" decoding=\"async\" class=\"alignleft\" src=\"http:\/\/www.bogotaesteatro.com\/wp-content\/uploads\/2021\/12\/3-1-1024x680.jpg\" sizes=\"auto, (max-width: 1024px) 100vw, 1024px\" srcset=\"https:\/\/www.bogotaesteatro.com\/wp-content\/uploads\/2021\/12\/3-1-1024x680.jpg 1024w, https:\/\/www.bogotaesteatro.com\/wp-content\/uploads\/2021\/12\/3-1-300x199.jpg 300w, https:\/\/www.bogotaesteatro.com\/wp-content\/uploads\/2021\/12\/3-1-768x510.jpg 768w, https:\/\/www.bogotaesteatro.com\/wp-content\/uploads\/2021\/12\/3-1-1536x1020.jpg 1536w, https:\/\/www.bogotaesteatro.com\/wp-content\/uploads\/2021\/12\/3-1-e1640552702884.jpg 1000w\" alt=\"\" width=\"1024\" height=\"680\" \/><\/p>\t\t\t\t\t\t<\/div>\n\t\t\t\t<\/div>\n\t\t\t\t\t<\/div>\n\t\t<\/div>\n\t\t\t\t\t\t\t<\/div>\n\t\t<\/section>\n\t\t\t\t\t\t<\/div>\n\t\t\t\t\t<\/div>\n\t\t","protected":false},"excerpt":{"rendered":"<p>Obras de teatro: Un espacio para la cultura en Bogot\u00e1 A Bogot\u00e1 se la conoce como un centro cultural dedicado al teatro y en la ciudad se llevan a cabo diversas obras de teatro durante todo el a\u00f1o. No hay duda de que la cultura forma parte importante en el desarrollo social y urbano. La &#8230; <a title=\"\" class=\"read-more\" href=\"https:\/\/www.bogotaesteatro.com\/\" aria-label=\"M\u00e1s en \">Leer m\u00e1s<\/a><\/p>\n","protected":false},"author":1,"featured_media":0,"parent":0,"menu_order":0,"comment_status":"closed","ping_status":"closed","template":"","meta":{"footnotes":""},"class_list":["post-5","page","type-page","status-publish"],"_links":{"self":[{"href":"https:\/\/www.bogotaesteatro.com\/index.php\/wp-json\/wp\/v2\/pages\/5","targetHints":{"allow":["GET"]}}],"collection":[{"href":"https:\/\/www.bogotaesteatro.com\/index.php\/wp-json\/wp\/v2\/pages"}],"about":[{"href":"https:\/\/www.bogotaesteatro.com\/index.php\/wp-json\/wp\/v2\/types\/page"}],"author":[{"embeddable":true,"href":"https:\/\/www.bogotaesteatro.com\/index.php\/wp-json\/wp\/v2\/users\/1"}],"replies":[{"embeddable":true,"href":"https:\/\/www.bogotaesteatro.com\/index.php\/wp-json\/wp\/v2\/comments?post=5"}],"version-history":[{"count":90,"href":"https:\/\/www.bogotaesteatro.com\/index.php\/wp-json\/wp\/v2\/pages\/5\/revisions"}],"predecessor-version":[{"id":176,"href":"https:\/\/www.bogotaesteatro.com\/index.php\/wp-json\/wp\/v2\/pages\/5\/revisions\/176"}],"wp:attachment":[{"href":"https:\/\/www.bogotaesteatro.com\/index.php\/wp-json\/wp\/v2\/media?parent=5"}],"curies":[{"name":"wp","href":"https:\/\/api.w.org\/{rel}","templated":true}]}}